{"id":245,"date":"2015-08-20T14:49:30","date_gmt":"2015-08-20T13:49:30","guid":{"rendered":"http:\/\/deval.ca\/chariots-neufs\/a-moteur\/?lang=en"},"modified":"2015-10-26T21:08:21","modified_gmt":"2015-10-26T20:08:21","slug":"combustion","status":"publish","type":"page","link":"http:\/\/deval.ca\/en\/new-lifts\/combustion\/","title":{"rendered":"Internal combustion"},"content":{"rendered":"","protected":false},"excerpt":{"rendered":"","protected":false},"author":1,"featured_media":0,"parent":244,"menu_order":0,"comment_status":"closed","ping_status":"closed","template":"modele-produits.php","meta":{"_acf_changed":false,"footnotes":""},"class_list":["post-245","page","type-page","status-publish","hentry"],"acf":[],"yoast_head":"<!-- This site is optimized with the Yoast SEO plugin v26.8 - https:\/\/yoast.com\/product\/yoast-seo-wordpress\/ -->\n<title>Chariots \u00e9l\u00e9vateurs (lifts) usag\u00e9s, gaz, diesel et bicarburant<\/title>\n<meta name=\"description\" content=\"Liste de nos mod\u00e8les de chariots \u00e9l\u00e9vateurs (lifts) neufs \u00e0 moteur. Gaz, diesel, bicarburant et \u00e0 capacit\u00e9s de charge variables, trouvez le mod\u00e8le parfait.\" \/>\n<meta name=\"robots\" content=\"index, follow, max-snippet:-1, max-image-preview:large, max-video-preview:-1\" \/>\n<link rel=\"canonical\" href=\"http:\/\/deval.ca\/en\/new-lifts\/combustion\/\" \/>\n<meta property=\"og:locale\" content=\"en_US\" \/>\n<meta property=\"og:type\" content=\"article\" \/>\n<meta property=\"og:title\" content=\"Chariots \u00e9l\u00e9vateurs (lifts) usag\u00e9s, gaz, diesel et bicarburant\" \/>\n<meta property=\"og:description\" content=\"Liste de nos mod\u00e8les de chariots \u00e9l\u00e9vateurs (lifts) neufs \u00e0 moteur. Gaz, diesel, bicarburant et \u00e0 capacit\u00e9s de charge variables, trouvez le mod\u00e8le parfait.\" \/>\n<meta property=\"og:url\" content=\"http:\/\/deval.ca\/en\/new-lifts\/combustion\/\" \/>\n<meta property=\"og:site_name\" content=\"Deval\" \/>\n<meta property=\"article:modified_time\" content=\"2015-10-26T20:08:21+00:00\" \/>\n<meta name=\"twitter:card\" content=\"summary_large_image\" \/>\n<script type=\"application\/ld+json\" class=\"yoast-schema-graph\">{\"@context\":\"https:\/\/schema.org\",\"@graph\":[{\"@type\":\"WebPage\",\"@id\":\"http:\/\/deval.ca\/en\/new-lifts\/combustion\/\",\"url\":\"http:\/\/deval.ca\/en\/new-lifts\/combustion\/\",\"name\":\"Chariots \u00e9l\u00e9vateurs (lifts) usag\u00e9s, gaz, diesel et bicarburant\",\"isPartOf\":{\"@id\":\"http:\/\/deval.ca\/#website\"},\"datePublished\":\"2015-08-20T13:49:30+00:00\",\"dateModified\":\"2015-10-26T20:08:21+00:00\",\"description\":\"Liste de nos mod\u00e8les de chariots \u00e9l\u00e9vateurs (lifts) neufs \u00e0 moteur. Gaz, diesel, bicarburant et \u00e0 capacit\u00e9s de charge variables, trouvez le mod\u00e8le parfait.\",\"breadcrumb\":{\"@id\":\"http:\/\/deval.ca\/en\/new-lifts\/combustion\/#breadcrumb\"},\"inLanguage\":\"en-US\",\"potentialAction\":[{\"@type\":\"ReadAction\",\"target\":[\"http:\/\/deval.ca\/en\/new-lifts\/combustion\/\"]}]},{\"@type\":\"BreadcrumbList\",\"@id\":\"http:\/\/deval.ca\/en\/new-lifts\/combustion\/#breadcrumb\",\"itemListElement\":[{\"@type\":\"ListItem\",\"position\":1,\"name\":\"Accueil\",\"item\":\"http:\/\/deval.ca\/en\/\"},{\"@type\":\"ListItem\",\"position\":2,\"name\":\"New lifts\",\"item\":\"http:\/\/deval.ca\/en\/new-lifts\/\"},{\"@type\":\"ListItem\",\"position\":3,\"name\":\"Internal combustion\"}]},{\"@type\":\"WebSite\",\"@id\":\"http:\/\/deval.ca\/#website\",\"url\":\"http:\/\/deval.ca\/\",\"name\":\"Deval\",\"description\":\"Chariots \u00e9l\u00e9vateurs\",\"publisher\":{\"@id\":\"http:\/\/deval.ca\/#organization\"},\"potentialAction\":[{\"@type\":\"SearchAction\",\"target\":{\"@type\":\"EntryPoint\",\"urlTemplate\":\"http:\/\/deval.ca\/?s={search_term_string}\"},\"query-input\":{\"@type\":\"PropertyValueSpecification\",\"valueRequired\":true,\"valueName\":\"search_term_string\"}}],\"inLanguage\":\"en-US\"},{\"@type\":\"Organization\",\"@id\":\"http:\/\/deval.ca\/#organization\",\"name\":\"Deval Chariots \u00c9l\u00e9vateurs\",\"url\":\"http:\/\/deval.ca\/\",\"logo\":{\"@type\":\"ImageObject\",\"inLanguage\":\"en-US\",\"@id\":\"http:\/\/deval.ca\/#\/schema\/logo\/image\/\",\"url\":\"http:\/\/deval.ca\/wp-content\/uploads\/2015\/08\/deval-logo-inverted1.png\",\"contentUrl\":\"http:\/\/deval.ca\/wp-content\/uploads\/2015\/08\/deval-logo-inverted1.png\",\"width\":268,\"height\":76,\"caption\":\"Deval Chariots \u00c9l\u00e9vateurs\"},\"image\":{\"@id\":\"http:\/\/deval.ca\/#\/schema\/logo\/image\/\"}}]}<\/script>\n<!-- \/ Yoast SEO plugin. -->","yoast_head_json":{"title":"Chariots \u00e9l\u00e9vateurs (lifts) usag\u00e9s, gaz, diesel et bicarburant","description":"Liste de nos mod\u00e8les de chariots \u00e9l\u00e9vateurs (lifts) neufs \u00e0 moteur. Gaz, diesel, bicarburant et \u00e0 capacit\u00e9s de charge variables, trouvez le mod\u00e8le parfait.","robots":{"index":"index","follow":"follow","max-snippet":"max-snippet:-1","max-image-preview":"max-image-preview:large","max-video-preview":"max-video-preview:-1"},"canonical":"http:\/\/deval.ca\/en\/new-lifts\/combustion\/","og_locale":"en_US","og_type":"article","og_title":"Chariots \u00e9l\u00e9vateurs (lifts) usag\u00e9s, gaz, diesel et bicarburant","og_description":"Liste de nos mod\u00e8les de chariots \u00e9l\u00e9vateurs (lifts) neufs \u00e0 moteur. Gaz, diesel, bicarburant et \u00e0 capacit\u00e9s de charge variables, trouvez le mod\u00e8le parfait.","og_url":"http:\/\/deval.ca\/en\/new-lifts\/combustion\/","og_site_name":"Deval","article_modified_time":"2015-10-26T20:08:21+00:00","twitter_card":"summary_large_image","schema":{"@context":"https:\/\/schema.org","@graph":[{"@type":"WebPage","@id":"http:\/\/deval.ca\/en\/new-lifts\/combustion\/","url":"http:\/\/deval.ca\/en\/new-lifts\/combustion\/","name":"Chariots \u00e9l\u00e9vateurs (lifts) usag\u00e9s, gaz, diesel et bicarburant","isPartOf":{"@id":"http:\/\/deval.ca\/#website"},"datePublished":"2015-08-20T13:49:30+00:00","dateModified":"2015-10-26T20:08:21+00:00","description":"Liste de nos mod\u00e8les de chariots \u00e9l\u00e9vateurs (lifts) neufs \u00e0 moteur. Gaz, diesel, bicarburant et \u00e0 capacit\u00e9s de charge variables, trouvez le mod\u00e8le parfait.","breadcrumb":{"@id":"http:\/\/deval.ca\/en\/new-lifts\/combustion\/#breadcrumb"},"inLanguage":"en-US","potentialAction":[{"@type":"ReadAction","target":["http:\/\/deval.ca\/en\/new-lifts\/combustion\/"]}]},{"@type":"BreadcrumbList","@id":"http:\/\/deval.ca\/en\/new-lifts\/combustion\/#breadcrumb","itemListElement":[{"@type":"ListItem","position":1,"name":"Accueil","item":"http:\/\/deval.ca\/en\/"},{"@type":"ListItem","position":2,"name":"New lifts","item":"http:\/\/deval.ca\/en\/new-lifts\/"},{"@type":"ListItem","position":3,"name":"Internal combustion"}]},{"@type":"WebSite","@id":"http:\/\/deval.ca\/#website","url":"http:\/\/deval.ca\/","name":"Deval","description":"Chariots \u00e9l\u00e9vateurs","publisher":{"@id":"http:\/\/deval.ca\/#organization"},"potentialAction":[{"@type":"SearchAction","target":{"@type":"EntryPoint","urlTemplate":"http:\/\/deval.ca\/?s={search_term_string}"},"query-input":{"@type":"PropertyValueSpecification","valueRequired":true,"valueName":"search_term_string"}}],"inLanguage":"en-US"},{"@type":"Organization","@id":"http:\/\/deval.ca\/#organization","name":"Deval Chariots \u00c9l\u00e9vateurs","url":"http:\/\/deval.ca\/","logo":{"@type":"ImageObject","inLanguage":"en-US","@id":"http:\/\/deval.ca\/#\/schema\/logo\/image\/","url":"http:\/\/deval.ca\/wp-content\/uploads\/2015\/08\/deval-logo-inverted1.png","contentUrl":"http:\/\/deval.ca\/wp-content\/uploads\/2015\/08\/deval-logo-inverted1.png","width":268,"height":76,"caption":"Deval Chariots \u00c9l\u00e9vateurs"},"image":{"@id":"http:\/\/deval.ca\/#\/schema\/logo\/image\/"}}]}},"_links":{"self":[{"href":"http:\/\/deval.ca\/en\/wp-json\/wp\/v2\/pages\/245","targetHints":{"allow":["GET"]}}],"collection":[{"href":"http:\/\/deval.ca\/en\/wp-json\/wp\/v2\/pages"}],"about":[{"href":"http:\/\/deval.ca\/en\/wp-json\/wp\/v2\/types\/page"}],"author":[{"embeddable":true,"href":"http:\/\/deval.ca\/en\/wp-json\/wp\/v2\/users\/1"}],"replies":[{"embeddable":true,"href":"http:\/\/deval.ca\/en\/wp-json\/wp\/v2\/comments?post=245"}],"version-history":[{"count":4,"href":"http:\/\/deval.ca\/en\/wp-json\/wp\/v2\/pages\/245\/revisions"}],"predecessor-version":[{"id":635,"href":"http:\/\/deval.ca\/en\/wp-json\/wp\/v2\/pages\/245\/revisions\/635"}],"up":[{"embeddable":true,"href":"http:\/\/deval.ca\/en\/wp-json\/wp\/v2\/pages\/244"}],"wp:attachment":[{"href":"http:\/\/deval.ca\/en\/wp-json\/wp\/v2\/media?parent=245"}],"curies":[{"name":"wp","href":"https:\/\/api.w.org\/{rel}","templated":true}]}}